{"id":697,"date":"2023-12-06T12:42:28","date_gmt":"2023-12-06T12:42:28","guid":{"rendered":"http:\/\/gipsbau.eu\/?page_id=697"},"modified":"2024-02-09T11:01:56","modified_gmt":"2024-02-09T11:01:56","slug":"rolunk","status":"publish","type":"page","link":"https:\/\/gipsbau.eu\/hu\/rolunk\/","title":{"rendered":"R\u00f3lunk"},"content":{"rendered":"\t\t<div data-elementor-type=\"wp-page\" data-elementor-id=\"697\" class=\"elementor elementor-697\" data-elementor-post-type=\"page\">\n\t\t\t\t<div class=\"elementor-element elementor-element-e6fc6ab e-flex e-con-boxed e-con e-parent\" data-id=\"e6fc6ab\" data-element_type=\"container\" data-settings=\"{&quot;jet_parallax_layout_list&quot;:[],&quot;background_background&quot;:&quot;classic&quot;}\" data-core-v316-plus=\"true\">\n\t\t\t\t\t<div class=\"e-con-inner\">\n\t\t<div class=\"elementor-element elementor-element-ed8cdbd e-con-full e-flex e-con e-child\" data-id=\"ed8cdbd\" data-element_type=\"container\" data-settings=\"{&quot;background_background&quot;:&quot;classic&quot;,&quot;jet_parallax_layout_list&quot;:[]}\">\n\t\t\t\t<\/div>\n\t\t<div class=\"elementor-element elementor-element-bdd4664 e-con-full e-flex e-con e-child\" data-id=\"bdd4664\" data-element_type=\"container\" data-settings=\"{&quot;jet_parallax_layout_list&quot;:[]}\">\n\t\t\t\t<div class=\"elementor-element elementor-element-91a5adc elementor-widget elementor-widget-image\" data-id=\"91a5adc\" data-element_type=\"widget\" data-widget_type=\"image.default\">\n\t\t\t\t<div class=\"elementor-widget-container\">\n\t\t\t<style>\/*! elementor - v3.20.0 - 10-04-2024 *\/\n.elementor-widget-image{text-align:center}.elementor-widget-image a{display:inline-block}.elementor-widget-image a img[src$=\".svg\"]{width:48px}.elementor-widget-image img{vertical-align:middle;display:inline-block}<\/style>\t\t\t\t\t\t\t\t\t\t<img decoding=\"async\" width=\"63\" height=\"62\" src=\"https:\/\/gipsbau.eu\/wp-content\/uploads\/2023\/12\/Layer_1.svg\" class=\"attachment-large size-large wp-image-728\" alt=\"\" \/>\t\t\t\t\t\t\t\t\t\t\t\t\t<\/div>\n\t\t\t\t<\/div>\n\t\t\t\t<div class=\"elementor-element elementor-element-d1bb083 elementor-widget-mobile__width-initial elementor-widget elementor-widget-heading\" data-id=\"d1bb083\" data-element_type=\"widget\" data-widget_type=\"heading.default\">\n\t\t\t\t<div class=\"elementor-widget-container\">\n\t\t\t<style>\/*! elementor - v3.20.0 - 10-04-2024 *\/\n.elementor-heading-title{padding:0;margin:0;line-height:1}.elementor-widget-heading .elementor-heading-title[class*=elementor-size-]>a{color:inherit;font-size:inherit;line-height:inherit}.elementor-widget-heading .elementor-heading-title.elementor-size-small{font-size:15px}.elementor-widget-heading .elementor-heading-title.elementor-size-medium{font-size:19px}.elementor-widget-heading .elementor-heading-title.elementor-size-large{font-size:29px}.elementor-widget-heading .elementor-heading-title.elementor-size-xl{font-size:39px}.elementor-widget-heading .elementor-heading-title.elementor-size-xxl{font-size:59px}<\/style><h2 class=\"elementor-heading-title elementor-size-default\">min\u0151s\u00edtett gener\u00e1lkivitelez\u00e9s\nkimagasl\u00f3 precizit\u00e1ssal <br>a j\u00f6v\u0151 energi\u00e1j\u00e1\u00e9rt<\/h2>\t\t<\/div>\n\t\t\t\t<\/div>\n\t\t\t\t<\/div>\n\t\t<div class=\"elementor-element elementor-element-e1b0eee e-con-full elementor-hidden-tablet elementor-hidden-mobile e-flex e-con e-child\" data-id=\"e1b0eee\" data-element_type=\"container\" data-settings=\"{&quot;jet_parallax_layout_list&quot;:[]}\">\n\t\t\t\t<\/div>\n\t\t<div class=\"elementor-element elementor-element-9ed93e3 e-con-full elementor-hidden-tablet elementor-hidden-mobile e-flex e-con e-child\" data-id=\"9ed93e3\" data-element_type=\"container\" data-settings=\"{&quot;jet_parallax_layout_list&quot;:[]}\">\n\t\t\t\t<\/div>\n\t\t<div class=\"elementor-element elementor-element-c6364b0 e-con-full elementor-hidden-tablet elementor-hidden-mobile e-flex e-con e-child\" data-id=\"c6364b0\" data-element_type=\"container\" data-settings=\"{&quot;jet_parallax_layout_list&quot;:[]}\">\n\t\t\t\t<\/div>\n\t\t\t\t\t<\/div>\n\t\t\t\t<\/div>\n\t\t<div class=\"elementor-element elementor-element-d772c4d e-flex e-con-boxed e-con e-parent\" data-id=\"d772c4d\" data-element_type=\"container\" data-settings=\"{&quot;jet_parallax_layout_list&quot;:[],&quot;background_background&quot;:&quot;classic&quot;}\" data-core-v316-plus=\"true\">\n\t\t\t\t\t<div class=\"e-con-inner\">\n\t\t<div class=\"elementor-element elementor-element-9be34b5 e-con-full elementor-hidden-tablet elementor-hidden-mobile e-flex e-con e-child\" data-id=\"9be34b5\" data-element_type=\"container\" data-settings=\"{&quot;background_background&quot;:&quot;classic&quot;,&quot;jet_parallax_layout_list&quot;:[]}\">\n\t\t\t\t<\/div>\n\t\t<div class=\"elementor-element elementor-element-34dae3f e-con-full e-flex e-con e-child\" data-id=\"34dae3f\" data-element_type=\"container\" data-settings=\"{&quot;jet_parallax_layout_list&quot;:[]}\">\n\t\t\t\t<div class=\"elementor-element elementor-element-33994fa elementor-widget elementor-widget-text-editor\" data-id=\"33994fa\" data-element_type=\"widget\" data-widget_type=\"text-editor.default\">\n\t\t\t\t<div class=\"elementor-widget-container\">\n\t\t\t<style>\/*! elementor - v3.20.0 - 10-04-2024 *\/\n.elementor-widget-text-editor.elementor-drop-cap-view-stacked .elementor-drop-cap{background-color:#69727d;color:#fff}.elementor-widget-text-editor.elementor-drop-cap-view-framed .elementor-drop-cap{color:#69727d;border:3px solid;background-color:transparent}.elementor-widget-text-editor:not(.elementor-drop-cap-view-default) .elementor-drop-cap{margin-top:8px}.elementor-widget-text-editor:not(.elementor-drop-cap-view-default) .elementor-drop-cap-letter{width:1em;height:1em}.elementor-widget-text-editor .elementor-drop-cap{float:left;text-align:center;line-height:1;font-size:50px}.elementor-widget-text-editor .elementor-drop-cap-letter{display:inline-block}<\/style>\t\t\t\t<p>\u00d6nmagunkkal \u00e9s partnereinkkel szemben t\u00e1masztott legfontosabb alapelv\u00fcnk a megb\u00edzhat\u00f3s\u00e1g, hat\u00e1rid\u0151k pontos betart\u00e1sa \u00e9s a j\u00f3l szervezett, szakszer\u0171, pontos munkav\u00e9gz\u00e9s. Els\u0151dleges c\u00e9lunk, hogy szolg\u00e1ltat\u00e1saink min\u0151s\u00e9ge megrendel\u0151ink ig\u00e9nyeinek maxim\u00e1lisan megfeleljen.<\/p>\t\t\t\t\t\t<\/div>\n\t\t\t\t<\/div>\n\t\t\t\t<\/div>\n\t\t<div class=\"elementor-element elementor-element-e54a908 e-con-full elementor-hidden-tablet elementor-hidden-mobile e-flex e-con e-child\" data-id=\"e54a908\" data-element_type=\"container\" data-settings=\"{&quot;jet_parallax_layout_list&quot;:[]}\">\n\t\t\t\t<\/div>\n\t\t<div class=\"elementor-element elementor-element-c188c7c e-con-full elementor-hidden-tablet elementor-hidden-mobile e-flex e-con e-child\" data-id=\"c188c7c\" data-element_type=\"container\" data-settings=\"{&quot;jet_parallax_layout_list&quot;:[]}\">\n\t\t\t\t<\/div>\n\t\t<div class=\"elementor-element elementor-element-727a032 e-con-full elementor-hidden-tablet elementor-hidden-mobile e-flex e-con e-child\" data-id=\"727a032\" data-element_type=\"container\" data-settings=\"{&quot;jet_parallax_layout_list&quot;:[]}\">\n\t\t\t\t<\/div>\n\t\t\t\t\t<\/div>\n\t\t\t\t<\/div>\n\t\t<div class=\"elementor-element elementor-element-3060601 e-con-full kepCsap e-flex e-con e-parent\" data-id=\"3060601\" data-element_type=\"container\" data-settings=\"{&quot;jet_parallax_layout_list&quot;:[],&quot;background_background&quot;:&quot;classic&quot;}\" data-core-v316-plus=\"true\">\n\t\t<div class=\"elementor-element elementor-element-faa73b0 e-con-full e-flex e-con e-child\" data-id=\"faa73b0\" data-element_type=\"container\" data-settings=\"{&quot;background_background&quot;:&quot;classic&quot;,&quot;jet_parallax_layout_list&quot;:[]}\">\n\t\t\t\t<div class=\"elementor-element elementor-element-ce76f2e elementor-widget__width-initial elementor-absolute e-transform elementor-widget elementor-widget-spacer\" data-id=\"ce76f2e\" data-element_type=\"widget\" data-settings=\"{&quot;_position&quot;:&quot;absolute&quot;,&quot;_transform_rotateZ_effect&quot;:{&quot;unit&quot;:&quot;px&quot;,&quot;size&quot;:45,&quot;sizes&quot;:[]},&quot;_transform_rotateZ_effect_tablet&quot;:{&quot;unit&quot;:&quot;deg&quot;,&quot;size&quot;:&quot;&quot;,&quot;sizes&quot;:[]},&quot;_transform_rotateZ_effect_mobile&quot;:{&quot;unit&quot;:&quot;deg&quot;,&quot;size&quot;:&quot;&quot;,&quot;sizes&quot;:[]}}\" data-widget_type=\"spacer.default\">\n\t\t\t\t<div class=\"elementor-widget-container\">\n\t\t\t<style>\/*! elementor - v3.20.0 - 10-04-2024 *\/\n.elementor-column .elementor-spacer-inner{height:var(--spacer-size)}.e-con{--container-widget-width:100%}.e-con-inner>.elementor-widget-spacer,.e-con>.elementor-widget-spacer{width:var(--container-widget-width,var(--spacer-size));--align-self:var(--container-widget-align-self,initial);--flex-shrink:0}.e-con-inner>.elementor-widget-spacer>.elementor-widget-container,.e-con>.elementor-widget-spacer>.elementor-widget-container{height:100%;width:100%}.e-con-inner>.elementor-widget-spacer>.elementor-widget-container>.elementor-spacer,.e-con>.elementor-widget-spacer>.elementor-widget-container>.elementor-spacer{height:100%}.e-con-inner>.elementor-widget-spacer>.elementor-widget-container>.elementor-spacer>.elementor-spacer-inner,.e-con>.elementor-widget-spacer>.elementor-widget-container>.elementor-spacer>.elementor-spacer-inner{height:var(--container-widget-height,var(--spacer-size))}.e-con-inner>.elementor-widget-spacer.elementor-widget-empty,.e-con>.elementor-widget-spacer.elementor-widget-empty{position:relative;min-height:22px;min-width:22px}.e-con-inner>.elementor-widget-spacer.elementor-widget-empty .elementor-widget-empty-icon,.e-con>.elementor-widget-spacer.elementor-widget-empty .elementor-widget-empty-icon{position:absolute;top:0;bottom:0;left:0;right:0;margin:auto;padding:0;width:22px;height:22px}<\/style>\t\t<div class=\"elementor-spacer\">\n\t\t\t<div class=\"elementor-spacer-inner\"><\/div>\n\t\t<\/div>\n\t\t\t\t<\/div>\n\t\t\t\t<\/div>\n\t\t\t\t<div class=\"elementor-element elementor-element-4d69afa pirKep elementor-widget elementor-widget-image\" data-id=\"4d69afa\" data-element_type=\"widget\" data-widget_type=\"image.default\">\n\t\t\t\t<div class=\"elementor-widget-container\">\n\t\t\t\t\t\t\t\t\t\t\t\t\t<img fetchpriority=\"high\" decoding=\"async\" width=\"800\" height=\"353\" src=\"https:\/\/gipsbau.eu\/wp-content\/uploads\/2023\/12\/gipsbau-red-color-overlay-img-2-1024x452.jpg\" class=\"attachment-large size-large wp-image-745\" alt=\"\" srcset=\"https:\/\/gipsbau.eu\/wp-content\/uploads\/2023\/12\/gipsbau-red-color-overlay-img-2-1024x452.jpg 1024w, https:\/\/gipsbau.eu\/wp-content\/uploads\/2023\/12\/gipsbau-red-color-overlay-img-2-300x132.jpg 300w, https:\/\/gipsbau.eu\/wp-content\/uploads\/2023\/12\/gipsbau-red-color-overlay-img-2-768x339.jpg 768w, https:\/\/gipsbau.eu\/wp-content\/uploads\/2023\/12\/gipsbau-red-color-overlay-img-2.jpg 1303w\" sizes=\"(max-width: 800px) 100vw, 800px\" \/>\t\t\t\t\t\t\t\t\t\t\t\t\t<\/div>\n\t\t\t\t<\/div>\n\t\t\t\t<\/div>\n\t\t\t\t<\/div>\n\t\t<div class=\"elementor-element elementor-element-8e19b45 e-flex e-con-boxed e-con e-parent\" data-id=\"8e19b45\" data-element_type=\"container\" data-settings=\"{&quot;jet_parallax_layout_list&quot;:[],&quot;background_background&quot;:&quot;classic&quot;}\" data-core-v316-plus=\"true\">\n\t\t\t\t\t<div class=\"e-con-inner\">\n\t\t<div class=\"elementor-element elementor-element-e89ddb5 e-con-full e-flex e-con e-child\" data-id=\"e89ddb5\" data-element_type=\"container\" data-settings=\"{&quot;background_background&quot;:&quot;classic&quot;,&quot;jet_parallax_layout_list&quot;:[]}\">\n\t\t\t\t<\/div>\n\t\t<div class=\"elementor-element elementor-element-8c7bba8 e-con-full e-flex e-con e-child\" data-id=\"8c7bba8\" data-element_type=\"container\" data-settings=\"{&quot;jet_parallax_layout_list&quot;:[]}\">\n\t\t\t\t<div class=\"elementor-element elementor-element-211b132 elementor-widget elementor-widget-text-editor\" data-id=\"211b132\" data-element_type=\"widget\" data-widget_type=\"text-editor.default\">\n\t\t\t\t<div class=\"elementor-widget-container\">\n\t\t\t\t\t\t\t<p>C\u00e9g\u00fcnk el\u0151dje 1993-ban alakult N\u00e9metorsz\u00e1gban, ahol a v\u00e1llalkoz\u00e1s els\u0151 munk\u00e1it is szerezte. A c\u00e9g dolgoz\u00f3i &#8211; bele\u00e9rtve a c\u00e9galap\u00edt\u00f3 tulajdonosokat is \u2013 mindennapjaikat a n\u00e9metorsz\u00e1gi munkahelyeken t\u00f6lt\u00f6tt\u00e9k. Az itt szerzett \u00e9s bel\u00e9nk iv\u00f3dott kiemelked\u0151 szaktud\u00e1snak, prec\u00edz munkav\u00e9gz\u00e9snek k\u00f6sz\u00f6nhet\u0151en egyre t\u00f6bb hazai, majd k\u00e9s\u0151bb k\u00fclf\u00f6ldimunk\u00e1t siker\u00fclt elnyerni. Magyarorsz\u00e1gon a v\u00e1llalkoz\u00e1s jelenlegi fel\u00e1ll\u00e1s\u00e1ban 2000. november\u00e9ben alakult, p\u00e9csi telephellyel. A 2007-es \u00e9vben ism\u00e9t lehet\u0151s\u00e9g\u00fcnk ny\u00edlt k\u00fclf\u00f6ldi piacon val\u00f3 bemutatkoz\u00e1sra. Az\u00f3ta c\u00e9g\u00fcnk v\u00e9gzi a M\u00fcller Drog\u00e9ria Magyarorsz\u00e1g hazai \u00fczletei mellett a horv\u00e1torsz\u00e1gi \u00e9s a szlov\u00e9niai \u00fczletek sz\u00e1raz\u00e9p\u00edt\u00e9si, fest\u00e9si \u00e9s burkol\u00e1si munk\u00e1it. A megn\u00f6vekedett alkalmazotti l\u00e9tsz\u00e1mmal c\u00e9g\u00fcnk 2008 v\u00e9g\u00e9n a pell\u00e9rdi telephelyre k\u00f6lt\u00f6z\u00f6tt. Az \u00e9p\u00fclet f\u00f6ldszintj\u00e9n berendez\u00e9sre ker\u00fclt az iroda, mik\u00f6zben a tet\u0151t\u00e9rben megkezd\u0151d\u00f6tt a t\u00e1rgyal\u00f3k kialak\u00edt\u00e1sa, az \u00e9p\u00fclet h\u00e1ts\u00f3 fel\u00e9ben pedig helyet kapott a m\u0171hely \u00e9s a rakt\u00e1r is.<\/p><p>V\u00e1llalkoz\u00e1sunk a megalakul\u00e1sa \u00f3ta eltelt 30 \u00e9v alatt jelent\u0151s fejl\u0151d\u00e9sen ment kereszt\u00fcl, \u00e9s a foglalkoztatottak l\u00e9tsz\u00e1ma is a t\u00f6bbsz\u00f6r\u00f6s\u00e9re duzzadt. C\u00e9lunk tov\u00e1bbra is a fokozatos, dinamikus fejl\u0151d\u00e9s \u00e9s az el\u00e9rt eredm\u00e9nyeink megtart\u00e1sa. Id\u00e9n \u00fcnnepli a Gipsz-Bau M\u00fcller Kft. a 30. sz\u00fclet\u00e9snapj\u00e1t, melynek alkalm\u00e1b\u00f3l teljes arculati meg\u00fajul\u00e1son ment\u00fcl kereszt\u00fcl.<\/p>\t\t\t\t\t\t<\/div>\n\t\t\t\t<\/div>\n\t\t\t\t<div class=\"elementor-element elementor-element-d6ece8a elementor-align-left elementor-widget elementor-widget-button\" data-id=\"d6ece8a\" data-element_type=\"widget\" data-widget_type=\"button.default\">\n\t\t\t\t<div class=\"elementor-widget-container\">\n\t\t\t\t\t<div class=\"elementor-button-wrapper\">\n\t\t\t<a class=\"elementor-button elementor-button-link elementor-size-sm\" href=\"https:\/\/gipsbau.eu\/kapcsolat\/\">\n\t\t\t\t\t\t<span class=\"elementor-button-content-wrapper\">\n\t\t\t\t\t\t<span class=\"elementor-button-text\">Aj\u00e1nlatot k\u00e9rek<\/span>\n\t\t<\/span>\n\t\t\t\t\t<\/a>\n\t\t<\/div>\n\t\t\t\t<\/div>\n\t\t\t\t<\/div>\n\t\t\t\t<\/div>\n\t\t<div class=\"elementor-element elementor-element-c0abb77 e-con-full elementor-hidden-tablet elementor-hidden-mobile e-flex e-con e-child\" data-id=\"c0abb77\" data-element_type=\"container\" data-settings=\"{&quot;jet_parallax_layout_list&quot;:[]}\">\n\t\t\t\t<\/div>\n\t\t<div class=\"elementor-element elementor-element-619a737 e-con-full elementor-hidden-tablet elementor-hidden-mobile e-flex e-con e-child\" data-id=\"619a737\" data-element_type=\"container\" data-settings=\"{&quot;jet_parallax_layout_list&quot;:[]}\">\n\t\t\t\t<\/div>\n\t\t<div class=\"elementor-element elementor-element-7a9b855 e-con-full e-flex e-con e-child\" data-id=\"7a9b855\" data-element_type=\"container\" data-settings=\"{&quot;jet_parallax_layout_list&quot;:[]}\">\n\t\t\t\t<\/div>\n\t\t\t\t\t<\/div>\n\t\t\t\t<\/div>\n\t\t\t\t<\/div>\n\t\t","protected":false},"excerpt":{"rendered":"<p>min\u0151s\u00edtett gener\u00e1lkivitelez\u00e9s kimagasl\u00f3 precizit\u00e1ssal a j\u00f6v\u0151 energi\u00e1j\u00e1\u00e9rt \u00d6nmagunkkal \u00e9s partnereinkkel szemben t\u00e1masztott legfontosabb alapelv\u00fcnk a megb\u00edzhat\u00f3s\u00e1g, hat\u00e1rid\u0151k pontos betart\u00e1sa \u00e9s a j\u00f3l szervezett, szakszer\u0171, pontos munkav\u00e9gz\u00e9s. Els\u0151dleges c\u00e9lunk, hogy szolg\u00e1ltat\u00e1saink min\u0151s\u00e9ge megrendel\u0151ink ig\u00e9nyeinek maxim\u00e1lisan megfeleljen. C\u00e9g\u00fcnk el\u0151dje 1993-ban alakult N\u00e9metorsz\u00e1gban, ahol a v\u00e1llalkoz\u00e1s els\u0151 munk\u00e1it is szerezte. A c\u00e9g dolgoz\u00f3i &#8211; bele\u00e9rtve a c\u00e9galap\u00edt\u00f3 tulajdonosokat [&hellip;]<\/p>\n","protected":false},"author":2,"featured_media":0,"parent":0,"menu_order":0,"comment_status":"closed","ping_status":"closed","template":"elementor_header_footer","meta":{"footnotes":""},"class_list":["post-697","page","type-page","status-publish","hentry"],"_links":{"self":[{"href":"https:\/\/gipsbau.eu\/hu\/wp-json\/wp\/v2\/pages\/697","targetHints":{"allow":["GET"]}}],"collection":[{"href":"https:\/\/gipsbau.eu\/hu\/wp-json\/wp\/v2\/pages"}],"about":[{"href":"https:\/\/gipsbau.eu\/hu\/wp-json\/wp\/v2\/types\/page"}],"author":[{"embeddable":true,"href":"https:\/\/gipsbau.eu\/hu\/wp-json\/wp\/v2\/users\/2"}],"replies":[{"embeddable":true,"href":"https:\/\/gipsbau.eu\/hu\/wp-json\/wp\/v2\/comments?post=697"}],"version-history":[{"count":52,"href":"https:\/\/gipsbau.eu\/hu\/wp-json\/wp\/v2\/pages\/697\/revisions"}],"predecessor-version":[{"id":2636,"href":"https:\/\/gipsbau.eu\/hu\/wp-json\/wp\/v2\/pages\/697\/revisions\/2636"}],"wp:attachment":[{"href":"https:\/\/gipsbau.eu\/hu\/wp-json\/wp\/v2\/media?parent=697"}],"curies":[{"name":"wp","href":"https:\/\/api.w.org\/{rel}","templated":true}]}}