{"id":798,"date":"2023-12-07T16:59:05","date_gmt":"2023-12-07T16:59:05","guid":{"rendered":"http:\/\/gipsbau.eu\/?page_id=798"},"modified":"2023-12-22T08:40:16","modified_gmt":"2023-12-22T08:40:16","slug":"karrier","status":"publish","type":"page","link":"https:\/\/gipsbau.eu\/de\/karrier\/","title":{"rendered":"Karriere"},"content":{"rendered":"<div data-elementor-type=\"wp-page\" data-elementor-id=\"798\" class=\"elementor elementor-798\" data-elementor-post-type=\"page\">\n\t\t\t\t<div class=\"elementor-element elementor-element-9f001ac e-flex e-con-boxed e-con e-parent\" data-id=\"9f001ac\" data-element_type=\"container\" data-settings=\"{&quot;background_background&quot;:&quot;classic&quot;,&quot;jet_parallax_layout_list&quot;:[]}\" data-core-v316-plus=\"true\">\n\t\t\t\t\t<div class=\"e-con-inner\">\n\t\t\t\t<div class=\"elementor-element elementor-element-2886a70 nagySzuri elementor-widget elementor-widget-image\" data-id=\"2886a70\" data-element_type=\"widget\" data-widget_type=\"image.default\">\n\t\t\t\t<div class=\"elementor-widget-container\">\n\t\t\t<style>\/*! elementor - v3.20.0 - 10-04-2024 *\/\n.elementor-widget-image{text-align:center}.elementor-widget-image a{display:inline-block}.elementor-widget-image a img[src$=\".svg\"]{width:48px}.elementor-widget-image img{vertical-align:middle;display:inline-block}<\/style>\t\t\t\t\t\t\t\t\t\t<img fetchpriority=\"high\" decoding=\"async\" width=\"800\" height=\"222\" src=\"https:\/\/gipsbau.eu\/wp-content\/uploads\/2023\/12\/karrier-kep-piros.jpg\" class=\"attachment-large size-large wp-image-977\" alt=\"\" srcset=\"https:\/\/gipsbau.eu\/wp-content\/uploads\/2023\/12\/karrier-kep-piros.jpg 900w, https:\/\/gipsbau.eu\/wp-content\/uploads\/2023\/12\/karrier-kep-piros-300x83.jpg 300w, https:\/\/gipsbau.eu\/wp-content\/uploads\/2023\/12\/karrier-kep-piros-768x213.jpg 768w\" sizes=\"(max-width: 800px) 100vw, 800px\" \/>\t\t\t\t\t\t\t\t\t\t\t\t\t<\/div>\n\t\t\t\t<\/div>\n\t\t\t\t\t<\/div>\n\t\t\t\t<\/div>\n\t\t<div class=\"elementor-element elementor-element-f7465b4 e-flex e-con-boxed e-con e-parent\" data-id=\"f7465b4\" data-element_type=\"container\" data-settings=\"{&quot;background_background&quot;:&quot;classic&quot;,&quot;jet_parallax_layout_list&quot;:[]}\" data-core-v316-plus=\"true\">\n\t\t\t\t\t<div class=\"e-con-inner\">\n\t\t\t\t<div class=\"elementor-element elementor-element-a405f8e elementor-widget elementor-widget-heading\" data-id=\"a405f8e\" data-element_type=\"widget\" data-widget_type=\"heading.default\">\n\t\t\t\t<div class=\"elementor-widget-container\">\n\t\t\t<style>\/*! elementor - v3.20.0 - 10-04-2024 *\/\n.elementor-heading-title{padding:0;margin:0;line-height:1}.elementor-widget-heading .elementor-heading-title[class*=elementor-size-]>a{color:inherit;font-size:inherit;line-height:inherit}.elementor-widget-heading .elementor-heading-title.elementor-size-small{font-size:15px}.elementor-widget-heading .elementor-heading-title.elementor-size-medium{font-size:19px}.elementor-widget-heading .elementor-heading-title.elementor-size-large{font-size:29px}.elementor-widget-heading .elementor-heading-title.elementor-size-xl{font-size:39px}.elementor-widget-heading .elementor-heading-title.elementor-size-xxl{font-size:59px}<\/style><h2 class=\"elementor-heading-title elementor-size-default\">Karriere<\/h2>\t\t<\/div>\n\t\t\t\t<\/div>\n\t\t\t\t<div class=\"elementor-element elementor-element-1ff3524 elementor-widget__width-initial elementor-widget elementor-widget-text-editor\" data-id=\"1ff3524\" data-element_type=\"widget\" data-widget_type=\"text-editor.default\">\n\t\t\t\t<div class=\"elementor-widget-container\">\n\t\t\t<style>\/*! elementor - v3.20.0 - 10-04-2024 *\/\n.elementor-widget-text-editor.elementor-drop-cap-view-stacked .elementor-drop-cap{background-color:#69727d;color:#fff}.elementor-widget-text-editor.elementor-drop-cap-view-framed .elementor-drop-cap{color:#69727d;border:3px solid;background-color:transparent}.elementor-widget-text-editor:not(.elementor-drop-cap-view-default) .elementor-drop-cap{margin-top:8px}.elementor-widget-text-editor:not(.elementor-drop-cap-view-default) .elementor-drop-cap-letter{width:1em;height:1em}.elementor-widget-text-editor .elementor-drop-cap{float:left;text-align:center;line-height:1;font-size:50px}.elementor-widget-text-editor .elementor-drop-cap-letter{display:inline-block}<\/style>\t\t\t\t<p>Unser Team arbeitet kontinuierlich daran, das Personal in allen Fachbereichen zu erweitern, um die M\u00f6glichkeit der Spezialisierung zu erh\u00f6hen. Dies erm\u00f6glicht eine Fokussierung innerhalb der Fachgebiete und bietet Raum f\u00fcr detaillierter organisierte Arbeitsabl\u00e4ufe. Wir freuen uns \u00fcber Ihre Bewerbung per E-Mail!<\/p>\t\t\t\t\t\t<\/div>\n\t\t\t\t<\/div>\n\t\t\t\t<div class=\"elementor-element elementor-element-b3a638e elementor-widget elementor-widget-accordion\" data-id=\"b3a638e\" data-element_type=\"widget\" data-widget_type=\"accordion.default\">\n\t\t\t\t<div class=\"elementor-widget-container\">\n\t\t\t<style>\/*! elementor - v3.20.0 - 10-04-2024 *\/\n.elementor-accordion{text-align:left}.elementor-accordion .elementor-accordion-item{border:1px solid #d5d8dc}.elementor-accordion .elementor-accordion-item+.elementor-accordion-item{border-top:none}.elementor-accordion .elementor-tab-title{margin:0;padding:15px 20px;font-weight:700;line-height:1;cursor:pointer;outline:none}.elementor-accordion .elementor-tab-title .elementor-accordion-icon{display:inline-block;width:1.5em}.elementor-accordion .elementor-tab-title .elementor-accordion-icon svg{width:1em;height:1em}.elementor-accordion .elementor-tab-title .elementor-accordion-icon.elementor-accordion-icon-right{float:right;text-align:right}.elementor-accordion .elementor-tab-title .elementor-accordion-icon.elementor-accordion-icon-left{float:left;text-align:left}.elementor-accordion .elementor-tab-title .elementor-accordion-icon .elementor-accordion-icon-closed{display:block}.elementor-accordion .elementor-tab-title .elementor-accordion-icon .elementor-accordion-icon-opened,.elementor-accordion .elementor-tab-title.elementor-active .elementor-accordion-icon-closed{display:none}.elementor-accordion .elementor-tab-title.elementor-active .elementor-accordion-icon-opened{display:block}.elementor-accordion .elementor-tab-content{display:none;padding:15px 20px;border-top:1px solid #d5d8dc}@media (max-width:767px){.elementor-accordion .elementor-tab-title{padding:12px 15px}.elementor-accordion .elementor-tab-title .elementor-accordion-icon{width:1.2em}.elementor-accordion .elementor-tab-content{padding:7px 15px}}.e-con-inner>.elementor-widget-accordion,.e-con>.elementor-widget-accordion{width:var(--container-widget-width);--flex-grow:var(--container-widget-flex-grow)}<\/style>\t\t<div class=\"elementor-accordion\">\n\t\t\t\t\t\t\t<div class=\"elementor-accordion-item\">\n\t\t\t\t\t<div id=\"elementor-tab-title-1881\" class=\"elementor-tab-title\" data-tab=\"1\" role=\"button\" aria-controls=\"elementor-tab-content-1881\" aria-expanded=\"false\">\n\t\t\t\t\t\t\t\t\t\t\t\t\t<span class=\"elementor-accordion-icon elementor-accordion-icon-right\" aria-hidden=\"true\">\n\t\t\t\t\t\t\t\t\t\t\t\t\t\t\t<span class=\"elementor-accordion-icon-closed\"><svg xmlns=\"http:\/\/www.w3.org\/2000\/svg\" width=\"32\" height=\"32\" viewbox=\"0 0 32 32\" fill=\"none\"><g id=\"Group 24\"><g id=\"Group 21\"><g id=\"Group 5\"><path id=\"Vector\" d=\"M7.61558 16.7443L15.2871 24.5381L17.0002 24.5339L24.5342 17\" stroke=\"#282828\" stroke-miterlimit=\"10\"><\/path><path id=\"Vector_2\" d=\"M16.0771 24.7695L16.0771 7.0003\" stroke=\"#282828\" stroke-miterlimit=\"10\"><\/path><path id=\"Ellipse 1\" d=\"M16 31.5C7.43959 31.5 0.500001 24.5604 0.500001 16C0.500002 7.43959 7.43959 0.499999 16 0.499999C24.5604 0.5 31.5 7.43959 31.5 16C31.5 24.5604 24.5604 31.5 16 31.5Z\" stroke=\"#282828\"><\/path><\/g><\/g><\/g><\/svg><\/span>\n\t\t\t\t\t\t\t\t<span class=\"elementor-accordion-icon-opened\"><svg xmlns=\"http:\/\/www.w3.org\/2000\/svg\" width=\"32\" height=\"32\" viewbox=\"0 0 32 32\" fill=\"none\"><g id=\"Group 20\"><g id=\"Group 5\"><path id=\"Vector\" d=\"M24.3844 15.2557L16.7129 7.46191L14.9998 7.46606L7.46582 15\" stroke=\"#D93C1D\" stroke-miterlimit=\"10\"><\/path><path id=\"Vector_2\" d=\"M15.9229 7.23047L15.9229 24.9997\" stroke=\"#D93C1D\" stroke-miterlimit=\"10\"><\/path><path id=\"Ellipse 1\" d=\"M16 0.499999C24.5604 0.499999 31.5 7.43959 31.5 16C31.5 24.5604 24.5604 31.5 16 31.5C7.43959 31.5 0.5 24.5604 0.499999 16C0.499999 7.43959 7.43958 0.5 16 0.499999Z\" stroke=\"#D93C1D\"><\/path><\/g><\/g><\/svg><\/span>\n\t\t\t\t\t\t\t\t\t\t\t\t\t\t<\/span>\n\t\t\t\t\t\t\t\t\t\t\t\t<a class=\"elementor-accordion-title\" tabindex=\"0\">M\u0171szaki el\u0151k\u00e9sz\u00edt\u0151 munkat\u00e1rs<\/a>\n\t\t\t\t\t<\/div>\n\t\t\t\t\t<div id=\"elementor-tab-content-1881\" class=\"elementor-tab-content elementor-clearfix\" data-tab=\"1\" role=\"region\" aria-labelledby=\"elementor-tab-title-1881\"><p>Gipsz-Bau M\u00fcller Kft. keres irodai munkahelyre m\u0171szaki el\u0151k\u00e9sz\u00edt\u0151 munkat\u00e1rsat\/ munkat\u00e1rsn\u0151t.<\/p><p><strong>Feladatok:<\/strong><\/p><ul style=\"font-weight: 400;\"><li>Magas\u00e9p\u00edt\u00e9szeti projektek el\u0151k\u00e9sz\u00edt\u00e9se<\/li><li>\u00c1rt\u00fck\u00f6r k\u00e9sz\u00edt\u00e9s<\/li><li>M\u0171szaki k\u00e9rd\u00e9sek egyeztet\u00e9se<\/li><li>Gy\u00e1rt\u00f3i, keresked\u0151i kapcsolattart\u00e1s<\/li><li>M\u00e1s adminisztrat\u00edv munkak\u00f6ri feladatok<\/li><\/ul><p>\u00a0<\/p><p><strong>Elv\u00e1r\u00e1sok:<\/strong><\/p><ul style=\"font-weight: 400;\"><li>\u00c9p\u00edt\u0151ipari szakir\u00e1ny\u00fa v\u00e9gzetts\u00e9g<\/li><li>Szakmai tapasztalat<\/li><li>B kateg\u00f3ri\u00e1s jogos\u00edtv\u00e1ny<\/li><\/ul><p>\u00a0<\/p><p><strong>El\u0151ny\u00f6k:<\/strong><\/p><ul style=\"font-weight: 400;\"><li>N\u00e9met vagy angol nyelvtud\u00e1s<\/li><\/ul><p>\u00a0<\/p><p><strong>Amit k\u00edn\u00e1lunk:<\/strong><\/p><ul style=\"font-weight: 400;\"><li>Versenyk\u00e9pes j\u00f6vedelem<\/li><li>J\u00f3 munkahelyi k\u00f6r\u00fclm\u00e9nyek<\/li><li>B\u00e9ren k\u00edv\u00fcli juttat\u00e1sok (munk\u00e1ba j\u00e1r\u00e1si t\u00e1mogat\u00e1s, sz\u00e9p k\u00e1rtya)<\/li><\/ul><p>\u00a0<\/p><p><span style=\"text-decoration: underline;\"><strong>Inform\u00e1ci\u00f3k az \u00e1ll\u00e1sr\u00f3l:<\/strong><\/span><\/p><p><strong>Foglalkoztat\u00e1s jellege:<\/strong><\/p><ul><li>Teljes munkaid\u0151 8 \u00f3ra<\/li><\/ul><p>\u00a0<\/p><p><strong>Elv\u00e1rt tapasztalat:<\/strong><\/p><ul><li>1-2 \u00e9v szakmai tapasztalat<\/li><\/ul><p>\u00a0<\/p><p><strong>Elv\u00e1rt v\u00e9gzetts\u00e9g:<\/strong><\/p><ul><li>Technikum<\/li><\/ul><p>\u00a0<\/p><p><strong>Sz\u00fcks\u00e9ges nyelvtud\u00e1s:<\/strong><\/p><ul><li>Angol<\/li><li>N\u00e9met<\/li><\/ul><p>\u00a0<\/p><p><strong>Munkarend:<\/strong><\/p><ul><li>\u00c1ltal\u00e1nos<\/li><\/ul><p>\u00a0<\/p><p><strong>Beoszt\u00e1s:<\/strong><\/p><ul><li>K\u00f6z\u00e9p vezet\u0151<\/li><\/ul><p>\u00a0<\/p><p>Az \u00f6n\u00e9letrajzos jelentkez\u00e9seket a k\u00f6vetkez\u0151 c\u00edmre vagy email c\u00edmre k\u00e9rj\u00fck elk\u00fcldeni:<\/p><p>H-7831 Pell\u00e9rd, Ipari \u00fat 1\/2.<br \/><strong>office@gipsbau.eu<\/strong><\/p><p>\t\t<div data-elementor-type=\"section\" data-elementor-id=\"1027\" class=\"elementor elementor-1027\" data-elementor-post-type=\"elementor_library\">\n\t\t\t<div class=\"elementor-element elementor-element-20f5994 e-flex e-con-boxed e-con e-parent\" data-id=\"20f5994\" data-element_type=\"container\" data-settings=\"{&quot;jet_parallax_layout_list&quot;:[]}\" data-core-v316-plus=\"true\">\n\t\t\t\t\t<div class=\"e-con-inner\">\n\t\t\t\t<div class=\"elementor-element elementor-element-7602960 elementor-align-left elementor-widget elementor-widget-button\" data-id=\"7602960\" data-element_type=\"widget\" data-widget_type=\"button.default\">\n\t\t\t\t<div class=\"elementor-widget-container\">\n\t\t\t\t\t<div class=\"elementor-button-wrapper\">\n\t\t\t<a class=\"elementor-button elementor-button-link elementor-size-sm\" href=\"mailto:info@gipsbau.eu\">\n\t\t\t\t\t\t<span class=\"elementor-button-content-wrapper\">\n\t\t\t\t\t\t<span class=\"elementor-button-text\">Partner werden<\/span>\n\t\t<\/span>\n\t\t\t\t\t<\/a>\n\t\t<\/div>\n\t\t\t\t<\/div>\n\t\t\t\t<\/div>\n\t\t\t\t\t<\/div>\n\t\t\t\t<\/div>\n\t\t\t\t<\/div>\n\t\t<\/p><\/div>\n\t\t\t\t<\/div>\n\t\t\t\t\t\t\t<div class=\"elementor-accordion-item\">\n\t\t\t\t\t<div id=\"elementor-tab-title-1882\" class=\"elementor-tab-title\" data-tab=\"2\" role=\"button\" aria-controls=\"elementor-tab-content-1882\" aria-expanded=\"false\">\n\t\t\t\t\t\t\t\t\t\t\t\t\t<span class=\"elementor-accordion-icon elementor-accordion-icon-right\" aria-hidden=\"true\">\n\t\t\t\t\t\t\t\t\t\t\t\t\t\t\t<span class=\"elementor-accordion-icon-closed\"><svg xmlns=\"http:\/\/www.w3.org\/2000\/svg\" width=\"32\" height=\"32\" viewbox=\"0 0 32 32\" fill=\"none\"><g id=\"Group 24\"><g id=\"Group 21\"><g id=\"Group 5\"><path id=\"Vector\" d=\"M7.61558 16.7443L15.2871 24.5381L17.0002 24.5339L24.5342 17\" stroke=\"#282828\" stroke-miterlimit=\"10\"><\/path><path id=\"Vector_2\" d=\"M16.0771 24.7695L16.0771 7.0003\" stroke=\"#282828\" stroke-miterlimit=\"10\"><\/path><path id=\"Ellipse 1\" d=\"M16 31.5C7.43959 31.5 0.500001 24.5604 0.500001 16C0.500002 7.43959 7.43959 0.499999 16 0.499999C24.5604 0.5 31.5 7.43959 31.5 16C31.5 24.5604 24.5604 31.5 16 31.5Z\" stroke=\"#282828\"><\/path><\/g><\/g><\/g><\/svg><\/span>\n\t\t\t\t\t\t\t\t<span class=\"elementor-accordion-icon-opened\"><svg xmlns=\"http:\/\/www.w3.org\/2000\/svg\" width=\"32\" height=\"32\" viewbox=\"0 0 32 32\" fill=\"none\"><g id=\"Group 20\"><g id=\"Group 5\"><path id=\"Vector\" d=\"M24.3844 15.2557L16.7129 7.46191L14.9998 7.46606L7.46582 15\" stroke=\"#D93C1D\" stroke-miterlimit=\"10\"><\/path><path id=\"Vector_2\" d=\"M15.9229 7.23047L15.9229 24.9997\" stroke=\"#D93C1D\" stroke-miterlimit=\"10\"><\/path><path id=\"Ellipse 1\" d=\"M16 0.499999C24.5604 0.499999 31.5 7.43959 31.5 16C31.5 24.5604 24.5604 31.5 16 31.5C7.43959 31.5 0.5 24.5604 0.499999 16C0.499999 7.43959 7.43958 0.5 16 0.499999Z\" stroke=\"#D93C1D\"><\/path><\/g><\/g><\/svg><\/span>\n\t\t\t\t\t\t\t\t\t\t\t\t\t\t<\/span>\n\t\t\t\t\t\t\t\t\t\t\t\t<a class=\"elementor-accordion-title\" tabindex=\"0\">Gipszkartonoz\u00f3 munkat\u00e1rs<\/a>\n\t\t\t\t\t<\/div>\n\t\t\t\t\t<div id=\"elementor-tab-content-1882\" class=\"elementor-tab-content elementor-clearfix\" data-tab=\"2\" role=\"region\" aria-labelledby=\"elementor-tab-title-1882\"><p>Gipsz-Bau M\u00fcller Kft. keres munkat\u00e1rsat Gipszkartonoz\u00f3 munkak\u00f6rbe.<\/p><p><strong>Feladatok:<\/strong><\/p><ul style=\"font-weight: 400;\"><li>Sz\u00e1raz\u00e9p\u00edt\u00e9szeti munk\u00e1latok<\/li><li>V\u00e1laszfal rendszerek \u00e9p\u00edt\u00e9se<\/li><li>Kit\u0171z\u00e9s<\/li><\/ul><p>\u00a0<\/p><p><strong>Elv\u00e1r\u00e1sok:<\/strong><\/p><ul style=\"font-weight: 400;\"><li>Hasonl\u00f3 munkater\u00fcleten szerzett szakmai tapasztalat.<\/li><\/ul><p>\u00a0<\/p><p><strong>El\u0151ny\u00f6k:\u00a0<\/strong><\/p><ul style=\"font-weight: 400;\"><li>B kateg\u00f3ri\u00e1s jogos\u00edtv\u00e1ny<\/li><li>Idegen nyelv ismerete (n\u00e9met vagy angol)<\/li><\/ul><p>\u00a0<\/p><p><strong>Amit k\u00edn\u00e1lunk:<\/strong><\/p><ul style=\"font-weight: 400;\"><li>Versenyk\u00e9pes j\u00f6vedelem<\/li><li>J\u00f3 munkahelyi k\u00f6r\u00fclm\u00e9nyek<\/li><li>B\u00e9ren k\u00edv\u00fcli juttat\u00e1s (munk\u00e1ba j\u00e1r\u00e1si t\u00e1mogat\u00e1s, Sz\u00e9p k\u00e1rtya)\u00a0<\/li><\/ul><p>\u00a0<\/p><p>A jelentkez\u00e9seket a k\u00f6vetkez\u0151 c\u00edmre vagy email c\u00edmre k\u00e9rj\u00fck elk\u00fcldeni:<\/p><p>H-7831 Pell\u00e9rd, Ipari \u00fat 1\/2.<br \/><strong>office@gipsbau.eu<\/strong><\/p><p>\t\t<div data-elementor-type=\"section\" data-elementor-id=\"1027\" class=\"elementor elementor-1027\" data-elementor-post-type=\"elementor_library\">\n\t\t\t<div class=\"elementor-element elementor-element-20f5994 e-flex e-con-boxed e-con e-parent\" data-id=\"20f5994\" data-element_type=\"container\" data-settings=\"{&quot;jet_parallax_layout_list&quot;:[]}\" data-core-v316-plus=\"true\">\n\t\t\t\t\t<div class=\"e-con-inner\">\n\t\t\t\t<div class=\"elementor-element elementor-element-7602960 elementor-align-left elementor-widget elementor-widget-button\" data-id=\"7602960\" data-element_type=\"widget\" data-widget_type=\"button.default\">\n\t\t\t\t<div class=\"elementor-widget-container\">\n\t\t\t\t\t<div class=\"elementor-button-wrapper\">\n\t\t\t<a class=\"elementor-button elementor-button-link elementor-size-sm\" href=\"mailto:info@gipsbau.eu\">\n\t\t\t\t\t\t<span class=\"elementor-button-content-wrapper\">\n\t\t\t\t\t\t<span class=\"elementor-button-text\">Partner werden<\/span>\n\t\t<\/span>\n\t\t\t\t\t<\/a>\n\t\t<\/div>\n\t\t\t\t<\/div>\n\t\t\t\t<\/div>\n\t\t\t\t\t<\/div>\n\t\t\t\t<\/div>\n\t\t\t\t<\/div>\n\t\t<\/p><\/div>\n\t\t\t\t<\/div>\n\t\t\t\t\t\t\t<div class=\"elementor-accordion-item\">\n\t\t\t\t\t<div id=\"elementor-tab-title-1883\" class=\"elementor-tab-title\" data-tab=\"3\" role=\"button\" aria-controls=\"elementor-tab-content-1883\" aria-expanded=\"false\">\n\t\t\t\t\t\t\t\t\t\t\t\t\t<span class=\"elementor-accordion-icon elementor-accordion-icon-right\" aria-hidden=\"true\">\n\t\t\t\t\t\t\t\t\t\t\t\t\t\t\t<span class=\"elementor-accordion-icon-closed\"><svg xmlns=\"http:\/\/www.w3.org\/2000\/svg\" width=\"32\" height=\"32\" viewbox=\"0 0 32 32\" fill=\"none\"><g id=\"Group 24\"><g id=\"Group 21\"><g id=\"Group 5\"><path id=\"Vector\" d=\"M7.61558 16.7443L15.2871 24.5381L17.0002 24.5339L24.5342 17\" stroke=\"#282828\" stroke-miterlimit=\"10\"><\/path><path id=\"Vector_2\" d=\"M16.0771 24.7695L16.0771 7.0003\" stroke=\"#282828\" stroke-miterlimit=\"10\"><\/path><path id=\"Ellipse 1\" d=\"M16 31.5C7.43959 31.5 0.500001 24.5604 0.500001 16C0.500002 7.43959 7.43959 0.499999 16 0.499999C24.5604 0.5 31.5 7.43959 31.5 16C31.5 24.5604 24.5604 31.5 16 31.5Z\" stroke=\"#282828\"><\/path><\/g><\/g><\/g><\/svg><\/span>\n\t\t\t\t\t\t\t\t<span class=\"elementor-accordion-icon-opened\"><svg xmlns=\"http:\/\/www.w3.org\/2000\/svg\" width=\"32\" height=\"32\" viewbox=\"0 0 32 32\" fill=\"none\"><g id=\"Group 20\"><g id=\"Group 5\"><path id=\"Vector\" d=\"M24.3844 15.2557L16.7129 7.46191L14.9998 7.46606L7.46582 15\" stroke=\"#D93C1D\" stroke-miterlimit=\"10\"><\/path><path id=\"Vector_2\" d=\"M15.9229 7.23047L15.9229 24.9997\" stroke=\"#D93C1D\" stroke-miterlimit=\"10\"><\/path><path id=\"Ellipse 1\" d=\"M16 0.499999C24.5604 0.499999 31.5 7.43959 31.5 16C31.5 24.5604 24.5604 31.5 16 31.5C7.43959 31.5 0.5 24.5604 0.499999 16C0.499999 7.43959 7.43958 0.5 16 0.499999Z\" stroke=\"#D93C1D\"><\/path><\/g><\/g><\/svg><\/span>\n\t\t\t\t\t\t\t\t\t\t\t\t\t\t<\/span>\n\t\t\t\t\t\t\t\t\t\t\t\t<a class=\"elementor-accordion-title\" tabindex=\"0\">Fest\u0151 munkat\u00e1rs<\/a>\n\t\t\t\t\t<\/div>\n\t\t\t\t\t<div id=\"elementor-tab-content-1883\" class=\"elementor-tab-content elementor-clearfix\" data-tab=\"3\" role=\"region\" aria-labelledby=\"elementor-tab-title-1883\"><p>Gipsz-Bau M\u00fcller Kft. keres munkat\u00e1rsat Fest\u0151 munkak\u00f6rbe.<\/p><p><strong>Feladatok:<\/strong><\/p><ul style=\"font-weight: 400;\"><li>Fest\u00e9si munk\u00e1latok<\/li><\/ul><p><strong>Elv\u00e1r\u00e1sok:<\/strong><\/p><ul style=\"font-weight: 400;\"><li>Hasonl\u00f3 munkater\u00fcleten szerzett szakmai tapasztalat.<\/li><\/ul><p><strong>El\u0151ny\u00f6k:\u00a0<\/strong><\/p><ul style=\"font-weight: 400;\"><li>B kateg\u00f3ri\u00e1s jogos\u00edtv\u00e1ny<\/li><li>Idegen nyelv ismerete (n\u00e9met vagy angol)<\/li><\/ul><p><strong>Amit k\u00edn\u00e1lunk:<\/strong><\/p><ul style=\"font-weight: 400;\"><li>Versenyk\u00e9pes j\u00f6vedelem<\/li><li>J\u00f3 munkahelyi k\u00f6r\u00fclm\u00e9nyek<\/li><li>B\u00e9ren k\u00edv\u00fcli juttat\u00e1s (munk\u00e1ba j\u00e1r\u00e1si t\u00e1mogat\u00e1s, Sz\u00e9p k\u00e1rtya)\u00a0<\/li><\/ul><p>\u00a0<\/p><p>A jelentkez\u00e9seket a k\u00f6vetkez\u0151 c\u00edmre vagy email c\u00edmre k\u00e9rj\u00fck elk\u00fcldeni:<\/p><p>H-7831 Pell\u00e9rd, Ipari \u00fat 1\/2.<br \/><strong>office@gipsbau.eu<\/strong><\/p><p>\t\t<div data-elementor-type=\"section\" data-elementor-id=\"1027\" class=\"elementor elementor-1027\" data-elementor-post-type=\"elementor_library\">\n\t\t\t<div class=\"elementor-element elementor-element-20f5994 e-flex e-con-boxed e-con e-parent\" data-id=\"20f5994\" data-element_type=\"container\" data-settings=\"{&quot;jet_parallax_layout_list&quot;:[]}\" data-core-v316-plus=\"true\">\n\t\t\t\t\t<div class=\"e-con-inner\">\n\t\t\t\t<div class=\"elementor-element elementor-element-7602960 elementor-align-left elementor-widget elementor-widget-button\" data-id=\"7602960\" data-element_type=\"widget\" data-widget_type=\"button.default\">\n\t\t\t\t<div class=\"elementor-widget-container\">\n\t\t\t\t\t<div class=\"elementor-button-wrapper\">\n\t\t\t<a class=\"elementor-button elementor-button-link elementor-size-sm\" href=\"mailto:info@gipsbau.eu\">\n\t\t\t\t\t\t<span class=\"elementor-button-content-wrapper\">\n\t\t\t\t\t\t<span class=\"elementor-button-text\">Partner werden<\/span>\n\t\t<\/span>\n\t\t\t\t\t<\/a>\n\t\t<\/div>\n\t\t\t\t<\/div>\n\t\t\t\t<\/div>\n\t\t\t\t\t<\/div>\n\t\t\t\t<\/div>\n\t\t\t\t<\/div>\n\t\t<\/p><\/div>\n\t\t\t\t<\/div>\n\t\t\t\t\t\t\t<div class=\"elementor-accordion-item\">\n\t\t\t\t\t<div id=\"elementor-tab-title-1884\" class=\"elementor-tab-title\" data-tab=\"4\" role=\"button\" aria-controls=\"elementor-tab-content-1884\" aria-expanded=\"false\">\n\t\t\t\t\t\t\t\t\t\t\t\t\t<span class=\"elementor-accordion-icon elementor-accordion-icon-right\" aria-hidden=\"true\">\n\t\t\t\t\t\t\t\t\t\t\t\t\t\t\t<span class=\"elementor-accordion-icon-closed\"><svg xmlns=\"http:\/\/www.w3.org\/2000\/svg\" width=\"32\" height=\"32\" viewbox=\"0 0 32 32\" fill=\"none\"><g id=\"Group 24\"><g id=\"Group 21\"><g id=\"Group 5\"><path id=\"Vector\" d=\"M7.61558 16.7443L15.2871 24.5381L17.0002 24.5339L24.5342 17\" stroke=\"#282828\" stroke-miterlimit=\"10\"><\/path><path id=\"Vector_2\" d=\"M16.0771 24.7695L16.0771 7.0003\" stroke=\"#282828\" stroke-miterlimit=\"10\"><\/path><path id=\"Ellipse 1\" d=\"M16 31.5C7.43959 31.5 0.500001 24.5604 0.500001 16C0.500002 7.43959 7.43959 0.499999 16 0.499999C24.5604 0.5 31.5 7.43959 31.5 16C31.5 24.5604 24.5604 31.5 16 31.5Z\" stroke=\"#282828\"><\/path><\/g><\/g><\/g><\/svg><\/span>\n\t\t\t\t\t\t\t\t<span class=\"elementor-accordion-icon-opened\"><svg xmlns=\"http:\/\/www.w3.org\/2000\/svg\" width=\"32\" height=\"32\" viewbox=\"0 0 32 32\" fill=\"none\"><g id=\"Group 20\"><g id=\"Group 5\"><path id=\"Vector\" d=\"M24.3844 15.2557L16.7129 7.46191L14.9998 7.46606L7.46582 15\" stroke=\"#D93C1D\" stroke-miterlimit=\"10\"><\/path><path id=\"Vector_2\" d=\"M15.9229 7.23047L15.9229 24.9997\" stroke=\"#D93C1D\" stroke-miterlimit=\"10\"><\/path><path id=\"Ellipse 1\" d=\"M16 0.499999C24.5604 0.499999 31.5 7.43959 31.5 16C31.5 24.5604 24.5604 31.5 16 31.5C7.43959 31.5 0.5 24.5604 0.499999 16C0.499999 7.43959 7.43958 0.5 16 0.499999Z\" stroke=\"#D93C1D\"><\/path><\/g><\/g><\/svg><\/span>\n\t\t\t\t\t\t\t\t\t\t\t\t\t\t<\/span>\n\t\t\t\t\t\t\t\t\t\t\t\t<a class=\"elementor-accordion-title\" tabindex=\"0\">\u00c1ltal\u00e1nos jelentkez\u00e9s<\/a>\n\t\t\t\t\t<\/div>\n\t\t\t\t\t<div id=\"elementor-tab-content-1884\" class=\"elementor-tab-content elementor-clearfix\" data-tab=\"4\" role=\"region\" aria-labelledby=\"elementor-tab-title-1884\"><p>Tisztelt \u00c9rdekl\u0151d\u0151!<\/p><p>\u00dcdv\u00f6z\u00f6lj\u00fck a karrieroldalunkon! Folyamatban van az \u00e1ll\u00e1saj\u00e1nlatok felt\u00f6lt\u00e9se, \u00e9s hamarosan sz\u00e1mos lehet\u0151s\u00e9get k\u00edn\u00e1lunk az \u00e9p\u00edt\u0151iparban j\u00e1rtas szakembereknek.<\/p><p>Amennyiben \u00e9rdeklik a j\u00f6v\u0151beli poz\u00edci\u00f3ink, k\u00e9rj\u00fck, l\u00e1togasson vissza k\u00e9s\u0151bb, hogy megtekinthesse a friss \u00e1ll\u00e1saj\u00e1nlatainkat. Addig is \u00f6r\u00f6mmel fogadjuk az \u00e1ltal\u00e1nos \u00e9rdekl\u0151d\u00e9st e-mailben.<\/p><p>A jelentkez\u00e9seket a k\u00f6vetkez\u0151 c\u00edmre vagy email c\u00edmre k\u00e9rj\u00fck elk\u00fcldeni:<\/p><p>H-7831 Pell\u00e9rd, Ipari \u00fat 1\/2.<br \/><strong>office@gipsbau.eu<\/strong><\/p><p>\t\t<div data-elementor-type=\"section\" data-elementor-id=\"1027\" class=\"elementor elementor-1027\" data-elementor-post-type=\"elementor_library\">\n\t\t\t<div class=\"elementor-element elementor-element-20f5994 e-flex e-con-boxed e-con e-parent\" data-id=\"20f5994\" data-element_type=\"container\" data-settings=\"{&quot;jet_parallax_layout_list&quot;:[]}\" data-core-v316-plus=\"true\">\n\t\t\t\t\t<div class=\"e-con-inner\">\n\t\t\t\t<div class=\"elementor-element elementor-element-7602960 elementor-align-left elementor-widget elementor-widget-button\" data-id=\"7602960\" data-element_type=\"widget\" data-widget_type=\"button.default\">\n\t\t\t\t<div class=\"elementor-widget-container\">\n\t\t\t\t\t<div class=\"elementor-button-wrapper\">\n\t\t\t<a class=\"elementor-button elementor-button-link elementor-size-sm\" href=\"mailto:info@gipsbau.eu\">\n\t\t\t\t\t\t<span class=\"elementor-button-content-wrapper\">\n\t\t\t\t\t\t<span class=\"elementor-button-text\">Partner werden<\/span>\n\t\t<\/span>\n\t\t\t\t\t<\/a>\n\t\t<\/div>\n\t\t\t\t<\/div>\n\t\t\t\t<\/div>\n\t\t\t\t\t<\/div>\n\t\t\t\t<\/div>\n\t\t\t\t<\/div>\n\t\t<\/p><\/div>\n\t\t\t\t<\/div>\n\t\t\t\t\t\t\t\t<\/div>\n\t\t\t\t<\/div>\n\t\t\t\t<\/div>\n\t\t\t\t\t<\/div>\n\t\t\t\t<\/div>\n\t\t\t\t<\/div>","protected":false},"excerpt":{"rendered":"<p>Karrier Csapatunk b\u0151v\u00edt\u00e9s\u00e9n minden szakter\u00fclre vonatkoz\u00f3an folyamatosan dolgozunk, b\u0151v\u00edtve \u00edgy a specializ\u00e1ci\u00f3 lehet\u0151s\u00e9g\u00e9t, amely adott szakter\u00fcleteken bel\u00fcli f\u00f3kusz\u00e1l\u00e1snak \u00e9s a r\u00e9szletesebben organiz\u00e1lt munkafolyamatoknak ad teret. Jelentkez\u00e9s\u00e9t emailben v\u00e1rjuk! M\u0171szaki el\u0151k\u00e9sz\u00edt\u0151 munkat\u00e1rs Gipsz-Bau M\u00fcller Kft. keres irodai munkahelyre m\u0171szaki el\u0151k\u00e9sz\u00edt\u0151 munkat\u00e1rsat\/ munkat\u00e1rsn\u0151t. Feladatok: Magas\u00e9p\u00edt\u00e9szeti projektek el\u0151k\u00e9sz\u00edt\u00e9se \u00c1rt\u00fck\u00f6r k\u00e9sz\u00edt\u00e9s M\u0171szaki k\u00e9rd\u00e9sek egyeztet\u00e9se Gy\u00e1rt\u00f3i, keresked\u0151i kapcsolattart\u00e1s M\u00e1s adminisztrat\u00edv [&hellip;]<\/p>","protected":false},"author":2,"featured_media":0,"parent":0,"menu_order":0,"comment_status":"closed","ping_status":"closed","template":"elementor_header_footer","meta":{"footnotes":""},"class_list":["post-798","page","type-page","status-publish","hentry"],"_links":{"self":[{"href":"https:\/\/gipsbau.eu\/de\/wp-json\/wp\/v2\/pages\/798","targetHints":{"allow":["GET"]}}],"collection":[{"href":"https:\/\/gipsbau.eu\/de\/wp-json\/wp\/v2\/pages"}],"about":[{"href":"https:\/\/gipsbau.eu\/de\/wp-json\/wp\/v2\/types\/page"}],"author":[{"embeddable":true,"href":"https:\/\/gipsbau.eu\/de\/wp-json\/wp\/v2\/users\/2"}],"replies":[{"embeddable":true,"href":"https:\/\/gipsbau.eu\/de\/wp-json\/wp\/v2\/comments?post=798"}],"version-history":[{"count":142,"href":"https:\/\/gipsbau.eu\/de\/wp-json\/wp\/v2\/pages\/798\/revisions"}],"predecessor-version":[{"id":2497,"href":"https:\/\/gipsbau.eu\/de\/wp-json\/wp\/v2\/pages\/798\/revisions\/2497"}],"wp:attachment":[{"href":"https:\/\/gipsbau.eu\/de\/wp-json\/wp\/v2\/media?parent=798"}],"curies":[{"name":"wp","href":"https:\/\/api.w.org\/{rel}","templated":true}]}}