{"id":697,"date":"2023-12-06T12:42:28","date_gmt":"2023-12-06T12:42:28","guid":{"rendered":"http:\/\/gipsbau.eu\/?page_id=697"},"modified":"2024-02-09T11:01:56","modified_gmt":"2024-02-09T11:01:56","slug":"rolunk","status":"publish","type":"page","link":"https:\/\/gipsbau.eu\/de\/rolunk\/","title":{"rendered":"\u00dcber uns"},"content":{"rendered":"<div data-elementor-type=\"wp-page\" data-elementor-id=\"697\" class=\"elementor elementor-697\" data-elementor-post-type=\"page\">\n\t\t\t\t<div class=\"elementor-element elementor-element-e6fc6ab e-flex e-con-boxed e-con e-parent\" data-id=\"e6fc6ab\" data-element_type=\"container\" data-settings=\"{&quot;jet_parallax_layout_list&quot;:[],&quot;background_background&quot;:&quot;classic&quot;}\" data-core-v316-plus=\"true\">\n\t\t\t\t\t<div class=\"e-con-inner\">\n\t\t<div class=\"elementor-element elementor-element-ed8cdbd e-con-full e-flex e-con e-child\" data-id=\"ed8cdbd\" data-element_type=\"container\" data-settings=\"{&quot;background_background&quot;:&quot;classic&quot;,&quot;jet_parallax_layout_list&quot;:[]}\">\n\t\t\t\t<\/div>\n\t\t<div class=\"elementor-element elementor-element-bdd4664 e-con-full e-flex e-con e-child\" data-id=\"bdd4664\" data-element_type=\"container\" data-settings=\"{&quot;jet_parallax_layout_list&quot;:[]}\">\n\t\t\t\t<div class=\"elementor-element elementor-element-91a5adc elementor-widget elementor-widget-image\" data-id=\"91a5adc\" data-element_type=\"widget\" data-widget_type=\"image.default\">\n\t\t\t\t<div class=\"elementor-widget-container\">\n\t\t\t<style>\/*! elementor - v3.20.0 - 10-04-2024 *\/\n.elementor-widget-image{text-align:center}.elementor-widget-image a{display:inline-block}.elementor-widget-image a img[src$=\".svg\"]{width:48px}.elementor-widget-image img{vertical-align:middle;display:inline-block}<\/style>\t\t\t\t\t\t\t\t\t\t<img decoding=\"async\" width=\"63\" height=\"62\" src=\"https:\/\/gipsbau.eu\/wp-content\/uploads\/2023\/12\/Layer_1.svg\" class=\"attachment-large size-large wp-image-728\" alt=\"\" \/>\t\t\t\t\t\t\t\t\t\t\t\t\t<\/div>\n\t\t\t\t<\/div>\n\t\t\t\t<div class=\"elementor-element elementor-element-d1bb083 elementor-widget-mobile__width-initial elementor-widget elementor-widget-heading\" data-id=\"d1bb083\" data-element_type=\"widget\" data-widget_type=\"heading.default\">\n\t\t\t\t<div class=\"elementor-widget-container\">\n\t\t\t<style>\/*! elementor - v3.20.0 - 10-04-2024 *\/\n.elementor-heading-title{padding:0;margin:0;line-height:1}.elementor-widget-heading .elementor-heading-title[class*=elementor-size-]>a{color:inherit;font-size:inherit;line-height:inherit}.elementor-widget-heading .elementor-heading-title.elementor-size-small{font-size:15px}.elementor-widget-heading .elementor-heading-title.elementor-size-medium{font-size:19px}.elementor-widget-heading .elementor-heading-title.elementor-size-large{font-size:29px}.elementor-widget-heading .elementor-heading-title.elementor-size-xl{font-size:39px}.elementor-widget-heading .elementor-heading-title.elementor-size-xxl{font-size:59px}<\/style><h2 class=\"elementor-heading-title elementor-size-default translation-block\">zertifizierter generalunternehmer mit herausragender pr\u00e4zision. f\u00fcr die energie der zukunft.<\/h2>\t\t<\/div>\n\t\t\t\t<\/div>\n\t\t\t\t<\/div>\n\t\t<div class=\"elementor-element elementor-element-e1b0eee e-con-full elementor-hidden-tablet elementor-hidden-mobile e-flex e-con e-child\" data-id=\"e1b0eee\" data-element_type=\"container\" data-settings=\"{&quot;jet_parallax_layout_list&quot;:[]}\">\n\t\t\t\t<\/div>\n\t\t<div class=\"elementor-element elementor-element-9ed93e3 e-con-full elementor-hidden-tablet elementor-hidden-mobile e-flex e-con e-child\" data-id=\"9ed93e3\" data-element_type=\"container\" data-settings=\"{&quot;jet_parallax_layout_list&quot;:[]}\">\n\t\t\t\t<\/div>\n\t\t<div class=\"elementor-element elementor-element-c6364b0 e-con-full elementor-hidden-tablet elementor-hidden-mobile e-flex e-con e-child\" data-id=\"c6364b0\" data-element_type=\"container\" data-settings=\"{&quot;jet_parallax_layout_list&quot;:[]}\">\n\t\t\t\t<\/div>\n\t\t\t\t\t<\/div>\n\t\t\t\t<\/div>\n\t\t<div class=\"elementor-element elementor-element-d772c4d e-flex e-con-boxed e-con e-parent\" data-id=\"d772c4d\" data-element_type=\"container\" data-settings=\"{&quot;jet_parallax_layout_list&quot;:[],&quot;background_background&quot;:&quot;classic&quot;}\" data-core-v316-plus=\"true\">\n\t\t\t\t\t<div class=\"e-con-inner\">\n\t\t<div class=\"elementor-element elementor-element-9be34b5 e-con-full elementor-hidden-tablet elementor-hidden-mobile e-flex e-con e-child\" data-id=\"9be34b5\" data-element_type=\"container\" data-settings=\"{&quot;background_background&quot;:&quot;classic&quot;,&quot;jet_parallax_layout_list&quot;:[]}\">\n\t\t\t\t<\/div>\n\t\t<div class=\"elementor-element elementor-element-34dae3f e-con-full e-flex e-con e-child\" data-id=\"34dae3f\" data-element_type=\"container\" data-settings=\"{&quot;jet_parallax_layout_list&quot;:[]}\">\n\t\t\t\t<div class=\"elementor-element elementor-element-33994fa elementor-widget elementor-widget-text-editor\" data-id=\"33994fa\" data-element_type=\"widget\" data-widget_type=\"text-editor.default\">\n\t\t\t\t<div class=\"elementor-widget-container\">\n\t\t\t<style>\/*! elementor - v3.20.0 - 10-04-2024 *\/\n.elementor-widget-text-editor.elementor-drop-cap-view-stacked .elementor-drop-cap{background-color:#69727d;color:#fff}.elementor-widget-text-editor.elementor-drop-cap-view-framed .elementor-drop-cap{color:#69727d;border:3px solid;background-color:transparent}.elementor-widget-text-editor:not(.elementor-drop-cap-view-default) .elementor-drop-cap{margin-top:8px}.elementor-widget-text-editor:not(.elementor-drop-cap-view-default) .elementor-drop-cap-letter{width:1em;height:1em}.elementor-widget-text-editor .elementor-drop-cap{float:left;text-align:center;line-height:1;font-size:50px}.elementor-widget-text-editor .elementor-drop-cap-letter{display:inline-block}<\/style>\t\t\t\t<p>Unser wichtigstes Grundprinzip, das wir sowohl uns selbst als auch unseren Partnern gegen\u00fcber stellen, ist Zuverl\u00e4ssigkeit, die pr\u00e4zise Einhaltung von Terminen und eine gut organisierte, fachgerechte und pr\u00e4zise Arbeit. Unser oberstes Ziel ist es, dass die Qualit\u00e4t unserer Dienstleistungen den Anforderungen unserer Kunden voll und ganz entspricht.<\/p>\t\t\t\t\t\t<\/div>\n\t\t\t\t<\/div>\n\t\t\t\t<\/div>\n\t\t<div class=\"elementor-element elementor-element-e54a908 e-con-full elementor-hidden-tablet elementor-hidden-mobile e-flex e-con e-child\" data-id=\"e54a908\" data-element_type=\"container\" data-settings=\"{&quot;jet_parallax_layout_list&quot;:[]}\">\n\t\t\t\t<\/div>\n\t\t<div class=\"elementor-element elementor-element-c188c7c e-con-full elementor-hidden-tablet elementor-hidden-mobile e-flex e-con e-child\" data-id=\"c188c7c\" data-element_type=\"container\" data-settings=\"{&quot;jet_parallax_layout_list&quot;:[]}\">\n\t\t\t\t<\/div>\n\t\t<div class=\"elementor-element elementor-element-727a032 e-con-full elementor-hidden-tablet elementor-hidden-mobile e-flex e-con e-child\" data-id=\"727a032\" data-element_type=\"container\" data-settings=\"{&quot;jet_parallax_layout_list&quot;:[]}\">\n\t\t\t\t<\/div>\n\t\t\t\t\t<\/div>\n\t\t\t\t<\/div>\n\t\t<div class=\"elementor-element elementor-element-3060601 e-con-full kepCsap e-flex e-con e-parent\" data-id=\"3060601\" data-element_type=\"container\" data-settings=\"{&quot;jet_parallax_layout_list&quot;:[],&quot;background_background&quot;:&quot;classic&quot;}\" data-core-v316-plus=\"true\">\n\t\t<div class=\"elementor-element elementor-element-faa73b0 e-con-full e-flex e-con e-child\" data-id=\"faa73b0\" data-element_type=\"container\" data-settings=\"{&quot;background_background&quot;:&quot;classic&quot;,&quot;jet_parallax_layout_list&quot;:[]}\">\n\t\t\t\t<div class=\"elementor-element elementor-element-ce76f2e elementor-widget__width-initial elementor-absolute e-transform elementor-widget elementor-widget-spacer\" data-id=\"ce76f2e\" data-element_type=\"widget\" data-settings=\"{&quot;_position&quot;:&quot;absolute&quot;,&quot;_transform_rotateZ_effect&quot;:{&quot;unit&quot;:&quot;px&quot;,&quot;size&quot;:45,&quot;sizes&quot;:[]},&quot;_transform_rotateZ_effect_tablet&quot;:{&quot;unit&quot;:&quot;deg&quot;,&quot;size&quot;:&quot;&quot;,&quot;sizes&quot;:[]},&quot;_transform_rotateZ_effect_mobile&quot;:{&quot;unit&quot;:&quot;deg&quot;,&quot;size&quot;:&quot;&quot;,&quot;sizes&quot;:[]}}\" data-widget_type=\"spacer.default\">\n\t\t\t\t<div class=\"elementor-widget-container\">\n\t\t\t<style>\/*! elementor - v3.20.0 - 10-04-2024 *\/\n.elementor-column .elementor-spacer-inner{height:var(--spacer-size)}.e-con{--container-widget-width:100%}.e-con-inner>.elementor-widget-spacer,.e-con>.elementor-widget-spacer{width:var(--container-widget-width,var(--spacer-size));--align-self:var(--container-widget-align-self,initial);--flex-shrink:0}.e-con-inner>.elementor-widget-spacer>.elementor-widget-container,.e-con>.elementor-widget-spacer>.elementor-widget-container{height:100%;width:100%}.e-con-inner>.elementor-widget-spacer>.elementor-widget-container>.elementor-spacer,.e-con>.elementor-widget-spacer>.elementor-widget-container>.elementor-spacer{height:100%}.e-con-inner>.elementor-widget-spacer>.elementor-widget-container>.elementor-spacer>.elementor-spacer-inner,.e-con>.elementor-widget-spacer>.elementor-widget-container>.elementor-spacer>.elementor-spacer-inner{height:var(--container-widget-height,var(--spacer-size))}.e-con-inner>.elementor-widget-spacer.elementor-widget-empty,.e-con>.elementor-widget-spacer.elementor-widget-empty{position:relative;min-height:22px;min-width:22px}.e-con-inner>.elementor-widget-spacer.elementor-widget-empty .elementor-widget-empty-icon,.e-con>.elementor-widget-spacer.elementor-widget-empty .elementor-widget-empty-icon{position:absolute;top:0;bottom:0;left:0;right:0;margin:auto;padding:0;width:22px;height:22px}<\/style>\t\t<div class=\"elementor-spacer\">\n\t\t\t<div class=\"elementor-spacer-inner\"><\/div>\n\t\t<\/div>\n\t\t\t\t<\/div>\n\t\t\t\t<\/div>\n\t\t\t\t<div class=\"elementor-element elementor-element-4d69afa pirKep elementor-widget elementor-widget-image\" data-id=\"4d69afa\" data-element_type=\"widget\" data-widget_type=\"image.default\">\n\t\t\t\t<div class=\"elementor-widget-container\">\n\t\t\t\t\t\t\t\t\t\t\t\t\t<img fetchpriority=\"high\" decoding=\"async\" width=\"800\" height=\"353\" src=\"https:\/\/gipsbau.eu\/wp-content\/uploads\/2023\/12\/gipsbau-red-color-overlay-img-2-1024x452.jpg\" class=\"attachment-large size-large wp-image-745\" alt=\"\" srcset=\"https:\/\/gipsbau.eu\/wp-content\/uploads\/2023\/12\/gipsbau-red-color-overlay-img-2-1024x452.jpg 1024w, https:\/\/gipsbau.eu\/wp-content\/uploads\/2023\/12\/gipsbau-red-color-overlay-img-2-300x132.jpg 300w, https:\/\/gipsbau.eu\/wp-content\/uploads\/2023\/12\/gipsbau-red-color-overlay-img-2-768x339.jpg 768w, https:\/\/gipsbau.eu\/wp-content\/uploads\/2023\/12\/gipsbau-red-color-overlay-img-2.jpg 1303w\" sizes=\"(max-width: 800px) 100vw, 800px\" \/>\t\t\t\t\t\t\t\t\t\t\t\t\t<\/div>\n\t\t\t\t<\/div>\n\t\t\t\t<\/div>\n\t\t\t\t<\/div>\n\t\t<div class=\"elementor-element elementor-element-8e19b45 e-flex e-con-boxed e-con e-parent\" data-id=\"8e19b45\" data-element_type=\"container\" data-settings=\"{&quot;jet_parallax_layout_list&quot;:[],&quot;background_background&quot;:&quot;classic&quot;}\" data-core-v316-plus=\"true\">\n\t\t\t\t\t<div class=\"e-con-inner\">\n\t\t<div class=\"elementor-element elementor-element-e89ddb5 e-con-full e-flex e-con e-child\" data-id=\"e89ddb5\" data-element_type=\"container\" data-settings=\"{&quot;background_background&quot;:&quot;classic&quot;,&quot;jet_parallax_layout_list&quot;:[]}\">\n\t\t\t\t<\/div>\n\t\t<div class=\"elementor-element elementor-element-8c7bba8 e-con-full e-flex e-con e-child\" data-id=\"8c7bba8\" data-element_type=\"container\" data-settings=\"{&quot;jet_parallax_layout_list&quot;:[]}\">\n\t\t\t\t<div class=\"elementor-element elementor-element-211b132 elementor-widget elementor-widget-text-editor\" data-id=\"211b132\" data-element_type=\"widget\" data-widget_type=\"text-editor.default\">\n\t\t\t\t<div class=\"elementor-widget-container\">\n\t\t\t\t\t\t\t<p>Unsere Firma wurde 1993 in Deutschland gegr\u00fcndet, wo das Unternehmen auch seine ersten Auftr\u00e4ge erhielt. Die Mitarbeiter des Unternehmens - einschlie\u00dflich der Unternehmensgr\u00fcnder - verbrachten ihre Tage auf deutschen Baustellen. Dank der pr\u00e4zisen Arbeit gelang es uns, immer mehr inl\u00e4ndische und sp\u00e4ter auch ausl\u00e4ndische Auftr\u00e4ge zu gewinnen. In Ungarn wurde das Unternehmen in seiner aktuellen Form im November 2000 mit einem Standort in P\u00e9cs gegr\u00fcndet. Seitdem f\u00fchren wir neben den Gesch\u00e4ften der M\u00fcller Drogerie in Ungarn auch Trockenbau-, Maler- und Fliesenarbeiten in den Gesch\u00e4ften in Kroatien und Slowenien durch. Mit dem gestiegenen Personalbestand zog unser Unternehmen Ende 2008 nach Pell\u00e9rd um. Im Erdgeschoss des Geb\u00e4udes wurde ein B\u00fcro eingerichtet, w\u00e4hrend im Dachgeschoss Konferenzr\u00e4ume eingerichtet wurden und im hinteren Teil des Geb\u00e4udes Platz f\u00fcr Werkstatt und Lager geschaffen wurde.<\/p><p>Seit seiner Gr\u00fcndung vor 30 Jahren hat unser Unternehmen eine bedeutende Entwicklung durchlaufen, und die Zahl der Mitarbeiter hat sich mehr als vervielfacht. Unser Ziel ist weiterhin eine stetige, dynamische Entwicklung und die Aufrechterhaltung unserer erreichten Ergebnisse. In diesem Jahr feiert die Gipsz-Bau M\u00fcller Kft. ihr 30-j\u00e4hriges Bestehen und hat zu diesem Anlass eine umfassende Neugestaltung ihrer Corporate Identity durchlaufen.<\/p>\t\t\t\t\t\t<\/div>\n\t\t\t\t<\/div>\n\t\t\t\t<div class=\"elementor-element elementor-element-d6ece8a elementor-align-left elementor-widget elementor-widget-button\" data-id=\"d6ece8a\" data-element_type=\"widget\" data-widget_type=\"button.default\">\n\t\t\t\t<div class=\"elementor-widget-container\">\n\t\t\t\t\t<div class=\"elementor-button-wrapper\">\n\t\t\t<a class=\"elementor-button elementor-button-link elementor-size-sm\" href=\"https:\/\/gipsbau.eu\/de\/kapcsolat\/\">\n\t\t\t\t\t\t<span class=\"elementor-button-content-wrapper\">\n\t\t\t\t\t\t<span class=\"elementor-button-text\">Angebot anfordern<\/span>\n\t\t<\/span>\n\t\t\t\t\t<\/a>\n\t\t<\/div>\n\t\t\t\t<\/div>\n\t\t\t\t<\/div>\n\t\t\t\t<\/div>\n\t\t<div class=\"elementor-element elementor-element-c0abb77 e-con-full elementor-hidden-tablet elementor-hidden-mobile e-flex e-con e-child\" data-id=\"c0abb77\" data-element_type=\"container\" data-settings=\"{&quot;jet_parallax_layout_list&quot;:[]}\">\n\t\t\t\t<\/div>\n\t\t<div class=\"elementor-element elementor-element-619a737 e-con-full elementor-hidden-tablet elementor-hidden-mobile e-flex e-con e-child\" data-id=\"619a737\" data-element_type=\"container\" data-settings=\"{&quot;jet_parallax_layout_list&quot;:[]}\">\n\t\t\t\t<\/div>\n\t\t<div class=\"elementor-element elementor-element-7a9b855 e-con-full e-flex e-con e-child\" data-id=\"7a9b855\" data-element_type=\"container\" data-settings=\"{&quot;jet_parallax_layout_list&quot;:[]}\">\n\t\t\t\t<\/div>\n\t\t\t\t\t<\/div>\n\t\t\t\t<\/div>\n\t\t\t\t<\/div>","protected":false},"excerpt":{"rendered":"<p>min\u0151s\u00edtett gener\u00e1lkivitelez\u00e9s kimagasl\u00f3 precizit\u00e1ssal a j\u00f6v\u0151 energi\u00e1j\u00e1\u00e9rt \u00d6nmagunkkal \u00e9s partnereinkkel szemben t\u00e1masztott legfontosabb alapelv\u00fcnk a megb\u00edzhat\u00f3s\u00e1g, hat\u00e1rid\u0151k pontos betart\u00e1sa \u00e9s a j\u00f3l szervezett, szakszer\u0171, pontos munkav\u00e9gz\u00e9s. Els\u0151dleges c\u00e9lunk, hogy szolg\u00e1ltat\u00e1saink min\u0151s\u00e9ge megrendel\u0151ink ig\u00e9nyeinek maxim\u00e1lisan megfeleljen. C\u00e9g\u00fcnk el\u0151dje 1993-ban alakult N\u00e9metorsz\u00e1gban, ahol a v\u00e1llalkoz\u00e1s els\u0151 munk\u00e1it is szerezte. A c\u00e9g dolgoz\u00f3i &#8211; bele\u00e9rtve a c\u00e9galap\u00edt\u00f3 tulajdonosokat [&hellip;]<\/p>","protected":false},"author":2,"featured_media":0,"parent":0,"menu_order":0,"comment_status":"closed","ping_status":"closed","template":"elementor_header_footer","meta":{"footnotes":""},"class_list":["post-697","page","type-page","status-publish","hentry"],"_links":{"self":[{"href":"https:\/\/gipsbau.eu\/de\/wp-json\/wp\/v2\/pages\/697","targetHints":{"allow":["GET"]}}],"collection":[{"href":"https:\/\/gipsbau.eu\/de\/wp-json\/wp\/v2\/pages"}],"about":[{"href":"https:\/\/gipsbau.eu\/de\/wp-json\/wp\/v2\/types\/page"}],"author":[{"embeddable":true,"href":"https:\/\/gipsbau.eu\/de\/wp-json\/wp\/v2\/users\/2"}],"replies":[{"embeddable":true,"href":"https:\/\/gipsbau.eu\/de\/wp-json\/wp\/v2\/comments?post=697"}],"version-history":[{"count":52,"href":"https:\/\/gipsbau.eu\/de\/wp-json\/wp\/v2\/pages\/697\/revisions"}],"predecessor-version":[{"id":2636,"href":"https:\/\/gipsbau.eu\/de\/wp-json\/wp\/v2\/pages\/697\/revisions\/2636"}],"wp:attachment":[{"href":"https:\/\/gipsbau.eu\/de\/wp-json\/wp\/v2\/media?parent=697"}],"curies":[{"name":"wp","href":"https:\/\/api.w.org\/{rel}","templated":true}]}}